{"id":9,"date":"2017-03-29T17:45:44","date_gmt":"2017-03-29T17:45:44","guid":{"rendered":"http:\/\/web.webdes.cl\/?page_id=9"},"modified":"2019-08-15T15:03:17","modified_gmt":"2019-08-15T18:03:17","slug":"contacto","status":"publish","type":"page","link":"https:\/\/www.webdes.cl\/?page_id=9","title":{"rendered":"Contacto"},"content":{"rendered":"<p>Somos del mundo de la tecnolog\u00eda y trabajamos a diario con ellas. No le sera dif\u00edcil comunicarse con nosotros, usamos redes sociales, dependemos de nuestros tel\u00e9fonos m\u00f3viles y mantenemos canales abiertos de comunicaci\u00f3n.<\/p>\n<p>Pero creemos en el cara a cara con nuestros clientes.<\/p>\n<p>[contact-form-7 id=\u00bb176&#8243; title=\u00bbFormulario de contacto 1&#8243;]<\/p>\n","protected":false},"excerpt":{"rendered":"<p>Somos del mundo de la tecnolog\u00eda y trabajamos a diario con ellas. No le sera dif\u00edcil comunicarse con nosotros, usamos redes sociales, dependemos de nuestros tel\u00e9fonos m\u00f3viles y mantenemos canales abiertos de comunicaci\u00f3n. Pero creemos en el cara a cara con nuestros clientes. [contact-form-7 id=\u00bb176&#8243; title=\u00bbFormulario de contacto 1&#8243;]<\/p>\n","protected":false},"author":1,"featured_media":54,"parent":0,"menu_order":0,"comment_status":"closed","ping_status":"closed","template":"","meta":[],"_links":{"self":[{"href":"https:\/\/www.webdes.cl\/index.php?rest_route=\/wp\/v2\/pages\/9"}],"collection":[{"href":"https:\/\/www.webdes.cl\/index.php?rest_route=\/wp\/v2\/pages"}],"about":[{"href":"https:\/\/www.webdes.cl\/index.php?rest_route=\/wp\/v2\/types\/page"}],"author":[{"embeddable":true,"href":"https:\/\/www.webdes.cl\/index.php?rest_route=\/wp\/v2\/users\/1"}],"replies":[{"embeddable":true,"href":"https:\/\/www.webdes.cl\/index.php?rest_route=%2Fwp%2Fv2%2Fcomments&post=9"}],"version-history":[{"count":3,"href":"https:\/\/www.webdes.cl\/index.php?rest_route=\/wp\/v2\/pages\/9\/revisions"}],"predecessor-version":[{"id":177,"href":"https:\/\/www.webdes.cl\/index.php?rest_route=\/wp\/v2\/pages\/9\/revisions\/177"}],"wp:featuredmedia":[{"embeddable":true,"href":"https:\/\/www.webdes.cl\/index.php?rest_route=\/wp\/v2\/media\/54"}],"wp:attachment":[{"href":"https:\/\/www.webdes.cl\/index.php?rest_route=%2Fwp%2Fv2%2Fmedia&parent=9"}],"curies":[{"name":"wp","href":"https:\/\/api.w.org\/{rel}","templated":true}]}}