{"id":11,"date":"2017-03-29T17:45:44","date_gmt":"2017-03-29T17:45:44","guid":{"rendered":"http:\/\/web.webdes.cl\/?page_id=11"},"modified":"2019-08-15T15:05:40","modified_gmt":"2019-08-15T18:05:40","slug":"diseno-web","status":"publish","type":"page","link":"https:\/\/www.webdes.cl\/?page_id=11","title":{"rendered":"Dise\u00f1o WEB"},"content":{"rendered":"<p>Desde una simple web de presentaci\u00f3n, hasta un sitio transaccional, auto administrable o de programaci\u00f3n exclusiva, con bases de datos, galer\u00edas de fotos, v\u00eddeos. Podemos hacer lo que existe actualmente, pero tambi\u00e9n podemos crear lo que a\u00fan no\u00a0se ha creado.<\/p>\n","protected":false},"excerpt":{"rendered":"<p>Desde una simple web de presentaci\u00f3n, hasta un sitio transaccional, auto administrable o de programaci\u00f3n exclusiva, con bases de datos, galer\u00edas de fotos, v\u00eddeos. Podemos hacer lo que existe actualmente, pero tambi\u00e9n podemos crear lo que a\u00fan no\u00a0se ha creado.<\/p>\n","protected":false},"author":1,"featured_media":57,"parent":0,"menu_order":0,"comment_status":"closed","ping_status":"closed","template":"","meta":[],"_links":{"self":[{"href":"https:\/\/www.webdes.cl\/index.php?rest_route=\/wp\/v2\/pages\/11"}],"collection":[{"href":"https:\/\/www.webdes.cl\/index.php?rest_route=\/wp\/v2\/pages"}],"about":[{"href":"https:\/\/www.webdes.cl\/index.php?rest_route=\/wp\/v2\/types\/page"}],"author":[{"embeddable":true,"href":"https:\/\/www.webdes.cl\/index.php?rest_route=\/wp\/v2\/users\/1"}],"replies":[{"embeddable":true,"href":"https:\/\/www.webdes.cl\/index.php?rest_route=%2Fwp%2Fv2%2Fcomments&post=11"}],"version-history":[{"count":6,"href":"https:\/\/www.webdes.cl\/index.php?rest_route=\/wp\/v2\/pages\/11\/revisions"}],"predecessor-version":[{"id":180,"href":"https:\/\/www.webdes.cl\/index.php?rest_route=\/wp\/v2\/pages\/11\/revisions\/180"}],"wp:featuredmedia":[{"embeddable":true,"href":"https:\/\/www.webdes.cl\/index.php?rest_route=\/wp\/v2\/media\/57"}],"wp:attachment":[{"href":"https:\/\/www.webdes.cl\/index.php?rest_route=%2Fwp%2Fv2%2Fmedia&parent=11"}],"curies":[{"name":"wp","href":"https:\/\/api.w.org\/{rel}","templated":true}]}}